{"id":1797,"date":"2023-11-05T20:07:19","date_gmt":"2023-11-05T17:07:19","guid":{"rendered":"https:\/\/aleahub.org\/?page_id=1797"},"modified":"2024-05-13T22:23:07","modified_gmt":"2024-05-13T19:23:07","slug":"partners","status":"publish","type":"page","link":"https:\/\/aleahub.org\/lt\/partners\/","title":{"rendered":"Partners"},"content":{"rendered":"<div data-elementor-type=\"wp-page\" data-elementor-id=\"1797\" class=\"elementor elementor-1797\">\n\t\t\t\t\t\t<section class=\"elementor-section elementor-top-section elementor-element elementor-element-5131a13e elementor-section-boxed elementor-section-height-default elementor-section-height-default\" data-id=\"5131a13e\" data-element_type=\"section\" data-e-type=\"section\" data-settings=\"{&quot;background_background&quot;:&quot;classic&quot;}\">\n\t\t\t\t\t\t\t<div class=\"elementor-background-overlay\"><\/div>\n\t\t\t\t\t\t\t<div class=\"elementor-container elementor-column-gap-default\">\n\t\t\t\t\t<div class=\"elementor-column elementor-col-100 elementor-top-column elementor-element elementor-element-1053ca7a\" data-id=\"1053ca7a\" data-element_type=\"column\" data-e-type=\"column\">\n\t\t\t<div class=\"elementor-widget-wrap elementor-element-populated\">\n\t\t\t\t\t\t<div class=\"elementor-element elementor-element-3d99e122 elementor-widget elementor-widget-heading\" data-id=\"3d99e122\" data-element_type=\"widget\" data-e-type=\"widget\" data-widget_type=\"heading.default\">\n\t\t\t\t<div class=\"elementor-widget-container\">\n\t\t\t\t\t<h1 class=\"elementor-heading-title elementor-size-default\">Partneri\u0173 turinys<\/h1>\t\t\t\t<\/div>\n\t\t\t\t<\/div>\n\t\t\t\t\t<\/div>\n\t\t<\/div>\n\t\t\t\t\t<\/div>\n\t\t<\/section>\n\t\t\t\t<section class=\"elementor-section elementor-top-section elementor-element elementor-element-40177ae0 elementor-section-boxed elementor-section-height-default elementor-section-height-default\" data-id=\"40177ae0\" data-element_type=\"section\" data-e-type=\"section\">\n\t\t\t\t\t\t<div class=\"elementor-container elementor-column-gap-no\">\n\t\t\t\t\t<div class=\"elementor-column elementor-col-100 elementor-top-column elementor-element elementor-element-b848941\" data-id=\"b848941\" data-element_type=\"column\" data-e-type=\"column\">\n\t\t\t<div class=\"elementor-widget-wrap elementor-element-populated\">\n\t\t\t\t\t\t<div class=\"elementor-element elementor-element-0c05471 elementor-widget elementor-widget-text-editor\" data-id=\"0c05471\" data-element_type=\"widget\" data-e-type=\"widget\" data-widget_type=\"text-editor.default\">\n\t\t\t\t<div class=\"elementor-widget-container\">\n\t\t\t\t\t\t\t\t\t<p><b>\u017diniasklaida apie mus:<\/b><\/p><p><a href=\"https:\/\/igamingfuture.com\/alea-research-hub-launches-for-igaming-industry-insights\/\" target=\"_blank\" rel=\"noopener\">ALEA Research Hub Launches for iGaming Industry Insights<\/a><\/p><p><a href=\"https:\/\/medium.com\/@aleahub.org\/gambling-betting-and-lotteries-in-lithuania-2017-2022-research-presentation-a80cafa31d46\">Gambling, betting and lotteries in Lithuania (2017-<\/a><a href=\"https:\/\/medium.com\/@aleahub.org\/gambling-betting-and-lotteries-in-lithuania-2017-2022-research-presentation-a80cafa31d46\">2022 research presentation)<\/a><\/p><p><a href=\"https:\/\/medium.com\/@aleahub.org\/lotteries-during-the-covid-19-pandemic-lithuanian-case-d9a8c09b2d36\">Lotteries during the COVID-19 Pandemic (Lithuanian case)<\/a><\/p><p><a href=\"https:\/\/medium.com\/@aleahub.org\/who-needs-two-genders-704f7bfb7562\">Who needs two genders ?<\/a><\/p><p><a href=\"https:\/\/medium.com\/@aleahub.org\/history-of-lotteries-3ca05a9b3b33\">History of Lotteries<\/a><\/p><p><a href=\"https:\/\/medium.com\/@aleahub.org\/when-will-lotteries-fail-4eb680065da0\">When will lotteries fail ?\u00a0<\/a><\/p><p><a href=\"https:\/\/medium.com\/@aleahub.org\/fun-game-superstitions-ad8a229d5ed6\">Fun : Game Superstitions<\/a><\/p><p><a href=\"https:\/\/medium.com\/@aleahub.org\/male-and-female-gambling-d69bffbb42e1\">Male and Female Gambling<\/a><\/p><p align=\"justify\"><a href=\"https:\/\/medium.com\/@aleahub.org\/rational-money-management-is-an-unexpected-way-to-overcome-an-addiction-to-gambling-8ac27e92a0c1\">Unexpected way to overcome an addiction to gambling<\/a><\/p><p align=\"justify\"><a href=\"https:\/\/medium.com\/@aleahub.org\/understanding-the-interplay-between-gambling-and-other-addictions-insights-and-prevention-322641954461\">Interplay Between Gambling and Other Addictions<\/a><\/p><p><a href=\"https:\/\/www.delfi.lt\/video\/laidos\/partnerio-turinys\/priklausomybe-nuo-losimu-visiskai-atvirai-is-ja-patyrusio-konstantino-lupu-ir-psichologo-komentaras-95769191\" target=\"_blank\" rel=\"noopener\">Apie priklausomyb\u0119 nuo lo\u0161im\u0173 (Video)<\/a><\/p><p><a href=\"https:\/\/www.vz.lt\/laisvalaikis\/akiraciai\/2024\/02\/09\/psichologas-g-navaitis-uztenka-keliu-klausimu-nustatyti-ar-zmogus-priklausomas-nuo-losimu#ixzz8RRi6lPci\" target=\"_blank\" rel=\"noopener\">Psichologas G. Navaitis: u\u017etenka keli\u0173 klausim\u0173 nustatyti, ar \u017emogus priklausomas nuo lo\u0161im\u0173<\/a><\/p><p><a href=\"https:\/\/www.pozicija.org\/prof-dr-gediminas-navaitis-priklausomybes-ar-pramoga\/\" target=\"_blank\" rel=\"noopener\">Prof. dr. Gediminas Navaitis. Priklausomyb\u0117s ar pramoga ?<\/a><\/p><p><strong><a href=\"http:\/\/aleahub.org\/wp-content\/uploads\/2024\/05\/Pramoga-ir-laime\u0307jimas-knyga_galutinis.pdf\">Pramoga ir laim\u0117jimai. Loterij\u0173 tyrimai Lietuvoje. G.Navaitis, A.Karali\u016bnas. Vilnius, 2024<\/a><\/strong><\/p>\t\t\t\t\t\t\t\t<\/div>\n\t\t\t\t<\/div>\n\t\t\t\t<div class=\"elementor-element elementor-element-c4db67e elementor-widget elementor-widget-heading\" data-id=\"c4db67e\" data-element_type=\"widget\" data-e-type=\"widget\" data-widget_type=\"heading.default\">\n\t\t\t\t<div class=\"elementor-widget-container\">\n\t\t\t\t\t<h5 class=\"elementor-heading-title elementor-size-default\">Kod\u0117l ir nuo ko priklausomas \u017emogus ? (Youtube video)<\/h5>\t\t\t\t<\/div>\n\t\t\t\t<\/div>\n\t\t\t\t<div class=\"elementor-element elementor-element-7ea8558 elementor-widget elementor-widget-video\" data-id=\"7ea8558\" data-element_type=\"widget\" data-e-type=\"widget\" data-settings=\"{&quot;youtube_url&quot;:&quot;https:\\\/\\\/www.youtube.com\\\/watch?v=PusfhgXEm9E&quot;,&quot;video_type&quot;:&quot;youtube&quot;,&quot;controls&quot;:&quot;yes&quot;}\" data-widget_type=\"video.default\">\n\t\t\t\t<div class=\"elementor-widget-container\">\n\t\t\t\t\t\t\t<div class=\"elementor-wrapper elementor-open-inline\">\n\t\t\t<div class=\"elementor-video\"><\/div>\t\t<\/div>\n\t\t\t\t\t\t<\/div>\n\t\t\t\t<\/div>\n\t\t\t\t<div class=\"elementor-element elementor-element-db9f697 elementor-widget elementor-widget-heading\" data-id=\"db9f697\" data-element_type=\"widget\" data-e-type=\"widget\" data-widget_type=\"heading.default\">\n\t\t\t\t<div class=\"elementor-widget-container\">\n\t\t\t\t\t<h5 class=\"elementor-heading-title elementor-size-default\"><a href=\"http:\/\/aleahub.org\/wp-content\/uploads\/2024\/03\/Los\u030cimai-Lietuvoje.pdf\">Profesoriaus Navai\u010dio prane\u0161imas LR Seimo Sveikatos reikal\u0173 komiteto pos\u0117dyje, 2024.03.20. <b>Prane\u0161imo med\u017eiag\u0105 skaidr\u0117se rasite \u0161ioje nuorodoje.<\/b><\/a><\/h5>\t\t\t\t<\/div>\n\t\t\t\t<\/div>\n\t\t\t\t<div class=\"elementor-element elementor-element-220f109 elementor-widget elementor-widget-video\" data-id=\"220f109\" data-element_type=\"widget\" data-e-type=\"widget\" data-settings=\"{&quot;youtube_url&quot;:&quot;https:\\\/\\\/www.youtube.com\\\/watch?v=0WsJEaA5m0M&quot;,&quot;video_type&quot;:&quot;youtube&quot;,&quot;controls&quot;:&quot;yes&quot;}\" data-widget_type=\"video.default\">\n\t\t\t\t<div class=\"elementor-widget-container\">\n\t\t\t\t\t\t\t<div class=\"elementor-wrapper elementor-open-inline\">\n\t\t\t<div class=\"elementor-video\"><\/div>\t\t<\/div>\n\t\t\t\t\t\t<\/div>\n\t\t\t\t<\/div>\n\t\t\t\t<div class=\"elementor-element elementor-element-774f5e4 elementor-widget elementor-widget-heading\" data-id=\"774f5e4\" data-element_type=\"widget\" data-e-type=\"widget\" data-widget_type=\"heading.default\">\n\t\t\t\t<div class=\"elementor-widget-container\">\n\t\t\t\t\t<h5 class=\"elementor-heading-title elementor-size-default\">Neatsakingas lo\u0161imas. (Youtube Video)\u200b\n<\/h5>\t\t\t\t<\/div>\n\t\t\t\t<\/div>\n\t\t\t\t<div class=\"elementor-element elementor-element-e81f714 elementor-widget elementor-widget-video\" data-id=\"e81f714\" data-element_type=\"widget\" data-e-type=\"widget\" data-settings=\"{&quot;youtube_url&quot;:&quot;https:\\\/\\\/www.youtube.com\\\/watch?v=wf4-60bGxR4&quot;,&quot;video_type&quot;:&quot;youtube&quot;,&quot;controls&quot;:&quot;yes&quot;}\" data-widget_type=\"video.default\">\n\t\t\t\t<div class=\"elementor-widget-container\">\n\t\t\t\t\t\t\t<div class=\"elementor-wrapper elementor-open-inline\">\n\t\t\t<div class=\"elementor-video\"><\/div>\t\t<\/div>\n\t\t\t\t\t\t<\/div>\n\t\t\t\t<\/div>\n\t\t\t\t\t<\/div>\n\t\t<\/div>\n\t\t\t\t\t<\/div>\n\t\t<\/section>\n\t\t\t\t<section class=\"elementor-section elementor-top-section elementor-element elementor-element-da1dd98 elementor-section-boxed elementor-section-height-default elementor-section-height-default\" data-id=\"da1dd98\" data-element_type=\"section\" data-e-type=\"section\">\n\t\t\t\t\t\t<div class=\"elementor-container elementor-column-gap-no\">\n\t\t\t\t\t<div class=\"elementor-column elementor-col-100 elementor-top-column elementor-element elementor-element-d513694\" data-id=\"d513694\" data-element_type=\"column\" data-e-type=\"column\">\n\t\t\t<div class=\"elementor-widget-wrap elementor-element-populated\">\n\t\t\t\t\t\t\t<\/div>\n\t\t<\/div>\n\t\t\t\t\t<\/div>\n\t\t<\/section>\n\t\t\t\t<\/div>","protected":false},"excerpt":{"rendered":"<p>Content from Partners Media about us : ALEA Research Hub Launches for iGaming Industry Insights Gambling, betting and lotteries in Lithuania (2017-2022 research presentation) Lotteries during the COVID-19 Pandemic (Lithuanian case) Who needs two genders ? History of Lotteries When will lotteries fail ?\u00a0 Fun : Game Superstitions Male and Female Gambling Unexpected way to [&hellip;]<\/p>\n","protected":false},"author":1,"featured_media":0,"parent":0,"menu_order":0,"comment_status":"closed","ping_status":"closed","template":"","meta":{"site-sidebar-layout":"no-sidebar","site-content-layout":"page-builder","ast-site-content-layout":"default","site-content-style":"default","site-sidebar-style":"default","ast-global-header-display":"","ast-banner-title-visibility":"","ast-main-header-display":"","ast-hfb-above-header-display":"","ast-hfb-below-header-display":"","ast-hfb-mobile-header-display":"","site-post-title":"disabled","ast-breadcrumbs-content":"","ast-featured-img":"","footer-sml-layout":"","theme-transparent-header-meta":"enabled","adv-header-id-meta":"","stick-header-meta":"","header-above-stick-meta":"","header-main-stick-meta":"","header-below-stick-meta":"","astra-migrate-meta-layouts":"default","ast-page-background-enabled":"default","ast-page-background-meta":{"desktop":{"background-color":"","background-image":"","background-repeat":"repeat","background-position":"center center","background-size":"auto","background-attachment":"scroll","background-type":"","background-media":"","overlay-type":"","overlay-color":"","overlay-opacity":"","overlay-gradient":""},"tablet":{"background-color":"","background-image":"","background-repeat":"repeat","background-position":"center center","background-size":"auto","background-attachment":"scroll","background-type":"","background-media":"","overlay-type":"","overlay-color":"","overlay-opacity":"","overlay-gradient":""},"mobile":{"background-color":"","background-image":"","background-repeat":"repeat","background-position":"center center","background-size":"auto","background-attachment":"scroll","background-type":"","background-media":"","overlay-type":"","overlay-color":"","overlay-opacity":"","overlay-gradient":""}},"ast-content-background-meta":{"desktop":{"background-color":"var(--ast-global-color-5)","background-image":"","background-repeat":"repeat","background-position":"center center","background-size":"auto","background-attachment":"scroll","background-type":"","background-media":"","overlay-type":"","overlay-color":"","overlay-opacity":"","overlay-gradient":""},"tablet":{"background-color":"var(--ast-global-color-5)","background-image":"","background-repeat":"repeat","background-position":"center center","background-size":"auto","background-attachment":"scroll","background-type":"","background-media":"","overlay-type":"","overlay-color":"","overlay-opacity":"","overlay-gradient":""},"mobile":{"background-color":"var(--ast-global-color-5)","background-image":"","background-repeat":"repeat","background-position":"center center","background-size":"auto","background-attachment":"scroll","background-type":"","background-media":"","overlay-type":"","overlay-color":"","overlay-opacity":"","overlay-gradient":""}},"footnotes":""},"class_list":["post-1797","page","type-page","status-publish","hentry"],"_links":{"self":[{"href":"https:\/\/aleahub.org\/lt\/wp-json\/wp\/v2\/pages\/1797","targetHints":{"allow":["GET"]}}],"collection":[{"href":"https:\/\/aleahub.org\/lt\/wp-json\/wp\/v2\/pages"}],"about":[{"href":"https:\/\/aleahub.org\/lt\/wp-json\/wp\/v2\/types\/page"}],"author":[{"embeddable":true,"href":"https:\/\/aleahub.org\/lt\/wp-json\/wp\/v2\/users\/1"}],"replies":[{"embeddable":true,"href":"https:\/\/aleahub.org\/lt\/wp-json\/wp\/v2\/comments?post=1797"}],"version-history":[{"count":100,"href":"https:\/\/aleahub.org\/lt\/wp-json\/wp\/v2\/pages\/1797\/revisions"}],"predecessor-version":[{"id":2133,"href":"https:\/\/aleahub.org\/lt\/wp-json\/wp\/v2\/pages\/1797\/revisions\/2133"}],"wp:attachment":[{"href":"https:\/\/aleahub.org\/lt\/wp-json\/wp\/v2\/media?parent=1797"}],"curies":[{"name":"wp","href":"https:\/\/api.w.org\/{rel}","templated":true}]}}